{"id":248,"date":"2019-03-26T00:28:04","date_gmt":"2019-03-25T23:28:04","guid":{"rendered":"http:\/\/www.kmmeat.webd.pro\/?page_id=248"},"modified":"2023-02-28T11:00:38","modified_gmt":"2023-02-28T10:00:38","slug":"uslugi","status":"publish","type":"page","link":"http:\/\/www.kmmeat.com\/index.php\/uslugi\/","title":{"rendered":"Us\u0142ugi"},"content":{"rendered":"\t\t<div data-elementor-type=\"wp-post\" data-elementor-id=\"248\" class=\"elementor elementor-248\">\n\t\t\t\t\t\t\t\t\t<section class=\"elementor-section elementor-top-section elementor-element elementor-element-bb7dff6 elementor-section-boxed elementor-section-height-default elementor-section-height-default\" data-id=\"bb7dff6\" data-element_type=\"section\">\n\t\t\t\t\t\t<div class=\"elementor-container elementor-column-gap-default\">\n\t\t\t\t\t<div class=\"elementor-column elementor-col-100 elementor-top-column elementor-element elementor-element-7eb8463\" data-id=\"7eb8463\" data-element_type=\"column\">\n\t\t\t<div class=\"elementor-widget-wrap elementor-element-populated\">\n\t\t\t\t\t\t\t\t<div class=\"elementor-element elementor-element-abf3e2d elementor-widget elementor-widget-heading\" data-id=\"abf3e2d\" data-element_type=\"widget\" data-widget_type=\"heading.default\">\n\t\t\t\t<div class=\"elementor-widget-container\">\n\t\t\t<style>\/*! elementor - v3.11.2 - 22-02-2023 *\/\n.elementor-heading-title{padding:0;margin:0;line-height:1}.elementor-widget-heading .elementor-heading-title[class*=elementor-size-]>a{color:inherit;font-size:inherit;line-height:inherit}.elementor-widget-heading .elementor-heading-title.elementor-size-small{font-size:15px}.elementor-widget-heading .elementor-heading-title.elementor-size-medium{font-size:19px}.elementor-widget-heading .elementor-heading-title.elementor-size-large{font-size:29px}.elementor-widget-heading .elementor-heading-title.elementor-size-xl{font-size:39px}.elementor-widget-heading .elementor-heading-title.elementor-size-xxl{font-size:59px}<\/style><h2 class=\"elementor-heading-title elementor-size-default\">Us\u0142ugi<\/h2>\t\t<\/div>\n\t\t\t\t<\/div>\n\t\t\t\t\t<\/div>\n\t\t<\/div>\n\t\t\t\t\t\t\t<\/div>\n\t\t<\/section>\n\t\t\t\t<section class=\"elementor-section elementor-top-section elementor-element elementor-element-c2dec03 elementor-section-boxed elementor-section-height-default elementor-section-height-default\" data-id=\"c2dec03\" data-element_type=\"section\" data-settings=\"{&quot;background_background&quot;:&quot;classic&quot;}\">\n\t\t\t\t\t\t<div class=\"elementor-container elementor-column-gap-default\">\n\t\t\t\t\t<div class=\"elementor-column elementor-col-100 elementor-top-column elementor-element elementor-element-aef9b38\" data-id=\"aef9b38\" data-element_type=\"column\">\n\t\t\t<div class=\"elementor-widget-wrap elementor-element-populated\">\n\t\t\t\t\t\t\t\t<div class=\"elementor-element elementor-element-353f1ed elementor-widget elementor-widget-spacer\" data-id=\"353f1ed\" data-element_type=\"widget\" data-widget_type=\"spacer.default\">\n\t\t\t\t<div class=\"elementor-widget-container\">\n\t\t\t<style>\/*! elementor - v3.11.2 - 22-02-2023 *\/\n.elementor-column .elementor-spacer-inner{height:var(--spacer-size)}.e-con{--container-widget-width:100%}.e-con-inner>.elementor-widget-spacer,.e-con>.elementor-widget-spacer{width:var(--container-widget-width,var(--spacer-size));--align-self:var(--container-widget-align-self,initial);--flex-shrink:0}.e-con-inner>.elementor-widget-spacer>.elementor-widget-container,.e-con-inner>.elementor-widget-spacer>.elementor-widget-container>.elementor-spacer,.e-con>.elementor-widget-spacer>.elementor-widget-container,.e-con>.elementor-widget-spacer>.elementor-widget-container>.elementor-spacer{height:100%}.e-con-inner>.elementor-widget-spacer>.elementor-widget-container>.elementor-spacer>.elementor-spacer-inner,.e-con>.elementor-widget-spacer>.elementor-widget-container>.elementor-spacer>.elementor-spacer-inner{height:var(--container-widget-height,var(--spacer-size))}<\/style>\t\t<div class=\"elementor-spacer\">\n\t\t\t<div class=\"elementor-spacer-inner\"><\/div>\n\t\t<\/div>\n\t\t\t\t<\/div>\n\t\t\t\t<\/div>\n\t\t\t\t<div class=\"elementor-element elementor-element-c8c882c elementor-widget elementor-widget-heading\" data-id=\"c8c882c\" data-element_type=\"widget\" data-widget_type=\"heading.default\">\n\t\t\t\t<div class=\"elementor-widget-container\">\n\t\t\t<h2 class=\"elementor-heading-title elementor-size-default\">Pomo\u017cemy obs\u0142u\u017cy\u0107 nawet najwi\u0119ksze zam\u00f3wienia<\/h2>\t\t<\/div>\n\t\t\t\t<\/div>\n\t\t\t\t<div class=\"elementor-element elementor-element-8a39fde elementor-widget elementor-widget-text-editor\" data-id=\"8a39fde\" data-element_type=\"widget\" data-widget_type=\"text-editor.default\">\n\t\t\t\t<div class=\"elementor-widget-container\">\n\t\t\t<style>\/*! elementor - v3.11.2 - 22-02-2023 *\/\n.elementor-widget-text-editor.elementor-drop-cap-view-stacked .elementor-drop-cap{background-color:#818a91;color:#fff}.elementor-widget-text-editor.elementor-drop-cap-view-framed .elementor-drop-cap{color:#818a91;border:3px solid;background-color:transparent}.elementor-widget-text-editor:not(.elementor-drop-cap-view-default) .elementor-drop-cap{margin-top:8px}.elementor-widget-text-editor:not(.elementor-drop-cap-view-default) .elementor-drop-cap-letter{width:1em;height:1em}.elementor-widget-text-editor .elementor-drop-cap{float:left;text-align:center;line-height:1;font-size:50px}.elementor-widget-text-editor .elementor-drop-cap-letter{display:inline-block}<\/style>\t\t\t\t<p>\u015awiadczymy us\u0142ugi w zakresie przejmowania zada\u0144, funkcji i ca\u0142ych proces\u00f3w zwi\u0105zanych z obr\u00f3bk\u0105, pakowaniem i konfekcjonowaniem produkcji mi\u0119snej. Us\u0142ugi realizujemy w oparciu o do\u015bwiadczon\u0105 kadr\u0105 kierownicz\u0105 oraz w pe\u0142ni wyposa\u017cone zespo\u0142y produkcyjne. W ramach naszej us\u0142ugi oferujemy:\u00a0<\/p><p>&#8211; przeszkolony, wyposa\u017cony personel liniowy i nadzorczy\u00a0<\/p><p>&#8211; obr\u00f3bk\u0119 dostarczonych surowc\u00f3w\u00a0<\/p><p><strong>Wybieraj\u0105c nasze us\u0142ugi zyskujesz:\u00a0<\/strong><\/p><p>&#8211; wi\u0119ksz\u0105 elastyczno\u015b\u0107 w zakresie wolumenu produkcji (lepsze dostosowanie do potrzeb rynku)\u00a0<\/p><p>&#8211; brak koszt\u00f3w inwestycji w personel\u00a0<\/p><p>&#8211; brak koszt\u00f3w utrzymania i przestoj\u00f3w\u00a0<\/p><p>&#8211; przeszkolony personel us\u0142ugodawcy zapewniaj\u0105cy wysok\u0105 jako\u015b\u0107 produkcji<\/p>\t\t\t\t\t\t<\/div>\n\t\t\t\t<\/div>\n\t\t\t\t\t<\/div>\n\t\t<\/div>\n\t\t\t\t\t\t\t<\/div>\n\t\t<\/section>\n\t\t\t\t\t\t\t<\/div>\n\t\t","protected":false},"excerpt":{"rendered":"<p>Us\u0142ugi Pomo\u017cemy obs\u0142u\u017cy\u0107 nawet najwi\u0119ksze zam\u00f3wienia \u015awiadczymy us\u0142ugi w zakresie przejmowania zada\u0144, funkcji i ca\u0142ych proces\u00f3w zwi\u0105zanych z obr\u00f3bk\u0105, pakowaniem i konfekcjonowaniem produkcji mi\u0119snej. Us\u0142ugi realizujemy w oparciu o do\u015bwiadczon\u0105 kadr\u0105 kierownicz\u0105 oraz w pe\u0142ni wyposa\u017cone zespo\u0142y produkcyjne. W ramach naszej us\u0142ugi oferujemy:&nbsp; &#8211; przeszkolony, wyposa\u017cony personel liniowy i nadzorczy&nbsp; &#8211; obr\u00f3bk\u0119 dostarczonych surowc\u00f3w&nbsp; Wybieraj\u0105c [&hellip;]<\/p>\n","protected":false},"author":1,"featured_media":0,"parent":0,"menu_order":0,"comment_status":"closed","ping_status":"closed","template":"elementor_header_footer","meta":{"footnotes":""},"class_list":["post-248","page","type-page","status-publish","hentry"],"_links":{"self":[{"href":"http:\/\/www.kmmeat.com\/index.php\/wp-json\/wp\/v2\/pages\/248","targetHints":{"allow":["GET"]}}],"collection":[{"href":"http:\/\/www.kmmeat.com\/index.php\/wp-json\/wp\/v2\/pages"}],"about":[{"href":"http:\/\/www.kmmeat.com\/index.php\/wp-json\/wp\/v2\/types\/page"}],"author":[{"embeddable":true,"href":"http:\/\/www.kmmeat.com\/index.php\/wp-json\/wp\/v2\/users\/1"}],"replies":[{"embeddable":true,"href":"http:\/\/www.kmmeat.com\/index.php\/wp-json\/wp\/v2\/comments?post=248"}],"version-history":[{"count":1,"href":"http:\/\/www.kmmeat.com\/index.php\/wp-json\/wp\/v2\/pages\/248\/revisions"}],"predecessor-version":[{"id":386,"href":"http:\/\/www.kmmeat.com\/index.php\/wp-json\/wp\/v2\/pages\/248\/revisions\/386"}],"wp:attachment":[{"href":"http:\/\/www.kmmeat.com\/index.php\/wp-json\/wp\/v2\/media?parent=248"}],"curies":[{"name":"wp","href":"https:\/\/api.w.org\/{rel}","templated":true}]}}